{"id":2,"date":"2020-11-15T21:47:25","date_gmt":"2020-11-15T21:47:25","guid":{"rendered":"http:\/\/derecho.unap.edu.pe\/jcasazola\/?page_id=2"},"modified":"2025-05-26T17:57:28","modified_gmt":"2025-05-26T17:57:28","slug":"about","status":"publish","type":"page","link":"https:\/\/derecho.unap.edu.pe\/gponce\/about\/","title":{"rendered":"Acerca de m\u00ed"},"content":{"rendered":"\n<p><\/p>\n\n\n\n<p class=\"has-pale-cyan-blue-background-color has-background\"><strong>APELLIDOS Y NOMBRES:<\/strong> Ponce Flores Galimberty Rossinaldo<\/p>\n\n\n\n<p class=\"has-luminous-vivid-amber-background-color has-background\"><strong>DNI: <\/strong>70141482<\/p>\n\n\n\n<p class=\"has-vivid-purple-background-color has-background\"><strong>GRADO: <\/strong>Maestro en derecho constitucional<\/p>\n\n\n\n<p class=\"has-vivid-cyan-blue-background-color has-background\"><strong>CONDICI\u00d3N\/CATEGOR\u00cdA:<\/strong> Contratado<\/p>\n\n\n\n<p class=\"has-luminous-vivid-orange-background-color has-background\"><strong>N\u00b0 DE COLEGIATURA:<\/strong> 6476<\/p>\n\n\n\n<p class=\"has-luminous-vivid-amber-background-color has-background\"><strong>ESPECIALIDADES:<\/strong> derecho constitucional, filosof\u00eda del derecho e investigaci\u00f3n jur\u00eddica.<\/p>\n\n\n\n<p class=\"has-pale-pink-background-color has-background\"><strong>EXPERIENCIA PROFESIONAL: <\/strong>Editor y traductor a tiempo completo, adem\u00e1s, docencia universitaria ocasional.<\/p>\n\n\n\n<p class=\"has-pale-cyan-blue-background-color has-background\"><strong>LUGAR DE TRABAJO:<\/strong> Zela Editorial; Universidad Nacional del Altiplano de Puno<\/p>\n\n\n\n<p><strong>C\u00d3DIGO RENACYT:<\/strong> <\/p>\n\n\n\n<p><strong>C\u00d3DIGO ORCID:<\/strong><\/p>\n\n\n\n<p><strong>CARGOS DIRECTIVOS: <\/strong>Director de publicaciones en Zela.<\/p>\n\n\n\n<p><strong>L\u00cdNEA DE INVESTIGACI\u00d3N:<\/strong> Derecho<\/p>\n\n\n\n<p><strong>SUBL\u00cdNEA DE INVESTIGACI\u00d3N:<\/strong> Derecho constitucional<\/p>\n\n\n\n<p class=\"has-light-green-cyan-background-color has-background\"><strong>EMAIL: <\/strong>gponce@unap.edu.pe<\/p>\n\n\n\n<p class=\"has-black-color has-light-green-cyan-background-color has-text-color has-background has-link-color wp-elements-8cf2180c56869ae9a88eaf7b20c8fb16\"><strong>Sitio Web:<\/strong> <a href=\"https:\/\/www.researchgate.net\/profile\/Galimberty-Ponce-Flores?ev=hdr_xprf\">https:\/\/www.researchgate.net\/profile\/Galimberty-Ponce-Flores?ev=hdr_xprf<\/a><\/p>\n\n\n\n<p><\/p>\n","protected":false},"excerpt":{"rendered":"<p>APELLIDOS Y NOMBRES: Ponce Flores Galimberty Rossinaldo DNI: 70141482 GRADO: Maestro en derecho constitucional CONDICI\u00d3N\/CATEGOR\u00cdA: Contratado N\u00b0 DE COLEGIATURA: 6476 ESPECIALIDADES: derecho constitucional, filosof\u00eda del derecho e investigaci\u00f3n jur\u00eddica. EXPERIENCIA PROFESIONAL: Editor y traductor a tiempo completo, adem\u00e1s, docencia universitaria ocasional. LUGAR DE TRABAJO: Zela Editorial; Universidad Nacional del Altiplano&#8230;<\/p>\n<div class=\"more-link-wrapper\"><a class=\"more-link\" href=\"https:\/\/derecho.unap.edu.pe\/gponce\/about\/\">Seguir leyendo<span class=\"screen-reader-text\">Acerca de m\u00ed<\/span><\/a><\/div>\n","protected":false},"author":2,"featured_media":0,"parent":0,"menu_order":0,"comment_status":"closed","ping_status":"closed","template":"","meta":{"footnotes":""},"class_list":["post-2","page","type-page","status-publish","hentry","entry"],"_links":{"self":[{"href":"https:\/\/derecho.unap.edu.pe\/gponce\/wp-json\/wp\/v2\/pages\/2","targetHints":{"allow":["GET"]}}],"collection":[{"href":"https:\/\/derecho.unap.edu.pe\/gponce\/wp-json\/wp\/v2\/pages"}],"about":[{"href":"https:\/\/derecho.unap.edu.pe\/gponce\/wp-json\/wp\/v2\/types\/page"}],"author":[{"embeddable":true,"href":"https:\/\/derecho.unap.edu.pe\/gponce\/wp-json\/wp\/v2\/users\/2"}],"replies":[{"embeddable":true,"href":"https:\/\/derecho.unap.edu.pe\/gponce\/wp-json\/wp\/v2\/comments?post=2"}],"version-history":[{"count":5,"href":"https:\/\/derecho.unap.edu.pe\/gponce\/wp-json\/wp\/v2\/pages\/2\/revisions"}],"predecessor-version":[{"id":46,"href":"https:\/\/derecho.unap.edu.pe\/gponce\/wp-json\/wp\/v2\/pages\/2\/revisions\/46"}],"wp:attachment":[{"href":"https:\/\/derecho.unap.edu.pe\/gponce\/wp-json\/wp\/v2\/media?parent=2"}],"curies":[{"name":"wp","href":"https:\/\/api.w.org\/{rel}","templated":true}]}}