{"id":25,"date":"2025-05-11T14:05:33","date_gmt":"2025-05-11T14:05:33","guid":{"rendered":"https:\/\/derecho.unap.edu.pe\/jcasazola\/?page_id=25"},"modified":"2025-05-26T18:02:05","modified_gmt":"2025-05-26T18:02:05","slug":"cursos","status":"publish","type":"page","link":"https:\/\/derecho.unap.edu.pe\/gponce\/cursos\/","title":{"rendered":"Cursos"},"content":{"rendered":"\n<p class=\"has-vivid-cyan-blue-background-color has-background\">Periodo Acad\u00e9mico<\/p>\n\n\n\n<p class=\"has-cyan-bluish-gray-background-color has-background\">2025-I<\/p>\n\n\n\n<figure class=\"wp-block-table\"><table class=\"has-fixed-layout\"><thead><tr><th>Curso<\/th><th>Secci\u00f3n<\/th><th>Cred.<\/th><th>Escuela Profesional<\/th><th>Periodo<\/th><th>Opciones<\/th><\/tr><\/thead><tbody><tr><td>DERECHO LABORAL COLECTIVO<\/td><td>GRUPO B<\/td><td>3<\/td><td>DERECHO<\/td><td>2025-I<\/td><td><a href=\"https:\/\/intranet.unap.edu.pe\/profesor\/notas\/detalle\/08dd5d27-77f3-4461-8f39-2e16ee87f993\">Detalle<\/a><\/td><\/tr><tr><td>METODOLOG\u00cdA DE LA INVESTIGACI\u00d3N<\/td><td>GRUPO A<\/td><td>4<\/td><td>DERECHO<\/td><td>2025-I<\/td><td><a href=\"https:\/\/intranet.unap.edu.pe\/profesor\/notas\/detalle\/08dd5d27-d68c-4b02-8508-763edd852f94\">Detalle<\/a><\/td><\/tr><tr><td>DERECHO PROCESAL CONSTITUCIONAL II<\/td><td>UNICO<\/td><td>3<\/td><td>DERECHO<\/td><td>2025-I<\/td><td><a href=\"https:\/\/intranet.unap.edu.pe\/profesor\/notas\/detalle\/08dd5d28-dbe4-4c95-898e-e9bc7b769092\">Detalle<\/a><\/td><\/tr><tr><td>DERECHO PROCESAL LABORAL PUBLICO<\/td><td>GRUPO B<\/td><td>3<\/td><td>DERECHO<\/td><td>2025-I<\/td><td><a href=\"https:\/\/intranet.unap.edu.pe\/profesor\/notas\/detalle\/08dd5d29-3c70-49c3-8252-de0e90e8a6b0\">Detalle<\/a><\/td><\/tr><tr><td>DERECHO PROCESAL PENAL VI: JURISPRUDENCIA PENAL Y EJECUCION PENAL<\/td><td>GRUPO B<\/td><td>2<\/td><td>DERECHO<\/td><td>2025-I<\/td><\/tr><\/tbody><\/table><\/figure>\n\n\n\n<p class=\"has-light-green-cyan-background-color has-background\">Periodo Acad\u00e9mico<\/p>\n\n\n\n<p class=\"has-vivid-cyan-blue-background-color has-background\">2024-II<\/p>\n\n\n\n<figure class=\"wp-block-table\"><table class=\"has-fixed-layout\"><thead><tr><th>Curso<\/th><th>Secci\u00f3n<\/th><th>Cred.<\/th><th>Escuela Profesional<\/th><th>Periodo<\/th><th>Opciones<\/th><\/tr><\/thead><tbody><tr><td>ARGUMENTACI\u00d3N JUR\u00cdDICA<\/td><td>GRUPO B<\/td><td>3<\/td><td>DERECHO<\/td><td>2024-II<\/td><td><a href=\"https:\/\/intranet.unap.edu.pe\/profesor\/notas\/detalle\/08dcb22f-9c86-4a33-835b-3d2f77338561\">Detalle<\/a><\/td><\/tr><tr><td>DERECHO CONSTITUCIONAL GENERAL<\/td><td>GRUPO B<\/td><td>4<\/td><td>DERECHO<\/td><td>2024-II<\/td><td><a href=\"https:\/\/intranet.unap.edu.pe\/profesor\/notas\/detalle\/08dcb230-062b-4015-8d6f-a17c240edb18\">Detalle<\/a><\/td><\/tr><tr><td>DERECHO LABORAL INDIVIDUAL<\/td><td>GRUPO B<\/td><td>4<\/td><td>DERECHO<\/td><td>2024-II<\/td><td><a href=\"https:\/\/intranet.unap.edu.pe\/profesor\/notas\/detalle\/08dcb231-6f39-4271-821b-6f5352fb8742\">Detalle<\/a><\/td><\/tr><tr><td>SEMINARIO DE DERECHO PROCESAL AMBIENTAL (ELECTIVO 1)<\/td><td>UNICO<\/td><td>3<\/td><td>DERECHO<\/td><td>2024-II<\/td><td><a href=\"https:\/\/intranet.unap.edu.pe\/profesor\/notas\/detalle\/08dcb234-bf2d-416e-8bac-2b2c3c0247b0\">Detalle<\/a><\/td><\/tr><tr><td>DERECHO NACIONAL, REGIONAL, MUNICIPAL Y LOPE<\/td><td>GRUPO B<\/td><td>3<\/td><td>DERECHO<\/td><td>2024-II<\/td><td><a href=\"https:\/\/intranet.unap.edu.pe\/profesor\/notas\/detalle\/08dcb683-91bb-455b-8cde-9e0deb1ea54d\">Detalle<\/a><\/td><\/tr><\/tbody><\/table><\/figure>\n\n\n\n<p><\/p>\n","protected":false},"excerpt":{"rendered":"<p>Periodo Acad\u00e9mico 2025-I Curso Secci\u00f3n Cred. Escuela Profesional Periodo Opciones DERECHO LABORAL COLECTIVO GRUPO B 3 DERECHO 2025-I Detalle METODOLOG\u00cdA DE LA INVESTIGACI\u00d3N GRUPO A 4 DERECHO 2025-I Detalle DERECHO PROCESAL CONSTITUCIONAL II UNICO 3 DERECHO 2025-I Detalle DERECHO PROCESAL LABORAL PUBLICO GRUPO B 3 DERECHO 2025-I Detalle DERECHO PROCESAL&#8230;<\/p>\n<div class=\"more-link-wrapper\"><a class=\"more-link\" href=\"https:\/\/derecho.unap.edu.pe\/gponce\/cursos\/\">Seguir leyendo<span class=\"screen-reader-text\">Cursos<\/span><\/a><\/div>\n","protected":false},"author":2,"featured_media":0,"parent":0,"menu_order":0,"comment_status":"closed","ping_status":"closed","template":"","meta":{"footnotes":""},"class_list":["post-25","page","type-page","status-publish","hentry","entry"],"_links":{"self":[{"href":"https:\/\/derecho.unap.edu.pe\/gponce\/wp-json\/wp\/v2\/pages\/25","targetHints":{"allow":["GET"]}}],"collection":[{"href":"https:\/\/derecho.unap.edu.pe\/gponce\/wp-json\/wp\/v2\/pages"}],"about":[{"href":"https:\/\/derecho.unap.edu.pe\/gponce\/wp-json\/wp\/v2\/types\/page"}],"author":[{"embeddable":true,"href":"https:\/\/derecho.unap.edu.pe\/gponce\/wp-json\/wp\/v2\/users\/2"}],"replies":[{"embeddable":true,"href":"https:\/\/derecho.unap.edu.pe\/gponce\/wp-json\/wp\/v2\/comments?post=25"}],"version-history":[{"count":3,"href":"https:\/\/derecho.unap.edu.pe\/gponce\/wp-json\/wp\/v2\/pages\/25\/revisions"}],"predecessor-version":[{"id":48,"href":"https:\/\/derecho.unap.edu.pe\/gponce\/wp-json\/wp\/v2\/pages\/25\/revisions\/48"}],"wp:attachment":[{"href":"https:\/\/derecho.unap.edu.pe\/gponce\/wp-json\/wp\/v2\/media?parent=25"}],"curies":[{"name":"wp","href":"https:\/\/api.w.org\/{rel}","templated":true}]}}