{"id":2,"date":"2020-11-15T15:04:27","date_gmt":"2020-11-15T15:04:27","guid":{"rendered":"http:\/\/derecho.unap.edu.pe\/ihuanca\/?page_id=2"},"modified":"2025-06-09T13:59:40","modified_gmt":"2025-06-09T13:59:40","slug":"about","status":"publish","type":"page","link":"https:\/\/derecho.unap.edu.pe\/ihuanca\/index.php\/about\/","title":{"rendered":"Acerca de mi"},"content":{"rendered":"\n<p>IRENE YUVALENA HUANCA EXCELMES, abogada por la Universidad Nacional del Altiplano de Puno, Doctora en Derecho y Ciencia Pol\u00edtica y mag\u00edster en Derecho Civil y Comercial por la UNMSM, especialista en Derecho Ambiental y Recursos Naturales por la PUCP, mag\u00edster en medio natural, cambio global y sostenibilidad socioecol\u00f3gica por la UNIA, actualmente es docente en pregrado en la facultad de Derecho de la Universidad Nacional del Altiplano, ha realizado consultor\u00edas y publicaciones en material ambiental.<\/p>\n\n\n\n<p><strong>APELLIDOS Y NOMBRES:<\/strong>\u00a0Huanca Excelmes Irene Yuvalena<\/p>\n\n\n\n<p><strong>DNI:\u00a0<\/strong><\/p>\n\n\n\n<p><strong>GRADO:\u00a0<\/strong>Doctora en Derecho y Ciencia Pol\u00edtica<\/p>\n\n\n\n<p><strong>CONDICI\u00d3N\/CATEGOR\u00cdA:<\/strong>&nbsp;Ordinario, Auxiliar \u2013 Tiempo completo.<\/p>\n\n\n\n<p><strong>N\u00b0 DE COLEGIATURA:<\/strong>\u00a0<\/p>\n\n\n\n<p><strong>ESPECIALIDADES:<\/strong>\u00a0Derecho Ambiental y Recursos Naturales<\/p>\n\n\n\n<p><strong>EXPERIENCIA PROFESIONAL:<\/strong><\/p>\n\n\n\n<p><strong>LUGAR DE TRABAJO:<\/strong>&nbsp;Universidad Nacional del Altiplano de Puno<\/p>\n\n\n\n<p><strong>C\u00d3DIGO RENACYT:<\/strong>\u00a0<\/p>\n\n\n\n<p><strong>C\u00d3DIGO ORCID:<\/strong>\u00a0<a href=\"https:\/\/orcid.org\/0000-0001-5505-5576\" data-type=\"link\" data-id=\"https:\/\/orcid.org\/0000-0001-5505-5576\">https:\/\/orcid.org\/0000-0001-5505-5576<\/a><\/p>\n\n\n\n<p><strong>CARGOS DIRECTIVOS:\u00a0<\/strong><\/p>\n\n\n\n<p><strong>L\u00cdNEA DE INVESTIGACI\u00d3N:<\/strong>&nbsp;Derecho<\/p>\n\n\n\n<p><strong>SUBL\u00cdNEA DE INVESTIGACI\u00d3N:<\/strong>\u00a0<\/p>\n\n\n\n<p><strong>EMAIL:\u00a0<\/strong>ihuanca@unap.edu.pe<\/p>\n\n\n\n<p><strong>Sitio Web:<\/strong>\u00a0https:\/\/derecho.unap.edu.pe\/ihuanca<\/p>\n","protected":false},"excerpt":{"rendered":"<p>IRENE YUVALENA HUANCA EXCELMES, abogada por la Universidad Nacional del Altiplano de Puno, Doctora en Derecho y Ciencia Pol\u00edtica y mag\u00edster en Derecho Civil y&#8230;<\/p>\n<div class=\"more-link-wrapper\"><a class=\"more-link\" href=\"https:\/\/derecho.unap.edu.pe\/ihuanca\/index.php\/about\/\">Seguir leyendo<span class=\"screen-reader-text\">Acerca de mi<\/span><\/a><\/div>\n","protected":false},"author":1,"featured_media":0,"parent":0,"menu_order":0,"comment_status":"closed","ping_status":"closed","template":"","meta":{"footnotes":""},"_links":{"self":[{"href":"https:\/\/derecho.unap.edu.pe\/ihuanca\/index.php\/wp-json\/wp\/v2\/pages\/2"}],"collection":[{"href":"https:\/\/derecho.unap.edu.pe\/ihuanca\/index.php\/wp-json\/wp\/v2\/pages"}],"about":[{"href":"https:\/\/derecho.unap.edu.pe\/ihuanca\/index.php\/wp-json\/wp\/v2\/types\/page"}],"author":[{"embeddable":true,"href":"https:\/\/derecho.unap.edu.pe\/ihuanca\/index.php\/wp-json\/wp\/v2\/users\/1"}],"replies":[{"embeddable":true,"href":"https:\/\/derecho.unap.edu.pe\/ihuanca\/index.php\/wp-json\/wp\/v2\/comments?post=2"}],"version-history":[{"count":8,"href":"https:\/\/derecho.unap.edu.pe\/ihuanca\/index.php\/wp-json\/wp\/v2\/pages\/2\/revisions"}],"predecessor-version":[{"id":49,"href":"https:\/\/derecho.unap.edu.pe\/ihuanca\/index.php\/wp-json\/wp\/v2\/pages\/2\/revisions\/49"}],"wp:attachment":[{"href":"https:\/\/derecho.unap.edu.pe\/ihuanca\/index.php\/wp-json\/wp\/v2\/media?parent=2"}],"curies":[{"name":"wp","href":"https:\/\/api.w.org\/{rel}","templated":true}]}}