{"id":2,"date":"2020-11-15T21:47:25","date_gmt":"2020-11-15T21:47:25","guid":{"rendered":"http:\/\/derecho.unap.edu.pe\/jcasazola\/?page_id=2"},"modified":"2025-05-22T23:38:19","modified_gmt":"2025-05-22T23:38:19","slug":"about","status":"publish","type":"page","link":"https:\/\/derecho.unap.edu.pe\/jcasazola\/about\/","title":{"rendered":"Acerca de m\u00ed"},"content":{"rendered":"\n<p>Abogado, Maestro en Derecho Privado y Doctor en Derecho, docente principal, Presidente de la Oficina de Gesti\u00f3n de Calidad de la Escuela Profesional de Derecho de la UNA Puno, Activista en difusi\u00f3n, educaci\u00f3n y defensa de los derechos humanos y del medio ambiente. Promotor para reconocimiento de los derechos a la Madre Tierra. Autor de varios libros en derecho.<\/p>\n\n\n\n<p><strong>APELLIDOS Y NOMBRES:<\/strong> Casazola Ccama, Juan<\/p>\n\n\n\n<p><strong>DNI: <\/strong>01285582<\/p>\n\n\n\n<p><strong>GRADO: <\/strong>Doctoris Scientiae en Derecho<\/p>\n\n\n\n<p><strong>CONDICI\u00d3N\/CATEGOR\u00cdA:<\/strong> DOCENTE ORDINARIO &#8211; PRINCIPAL, Tiempo Completo<\/p>\n\n\n\n<p><strong>N\u00b0 DE COLEGIATURA:<\/strong> ICAP N\u00b0: 543<\/p>\n\n\n\n<p><strong>ESPECIALIDADES:<\/strong> <\/p>\n\n\n\n<p><strong>EXPERIENCIA PROFESIONAL: <\/strong> Universidad Nacional del Altiplano, Mesa de concentraci\u00f3n para la lucha contra la pobreza, Caritas Juli, Radio Onda Azul, Direcci\u00f3n Regional de Agricultura &#8211; Puno<\/p>\n\n\n\n<p><strong>LUGAR DE TRABAJO:<\/strong> Universidad Nacional del Altiplano de Puno<\/p>\n\n\n\n<p><strong>C\u00d3DIGO RENACYT:<\/strong>  P0056830<\/p>\n\n\n\n<p><strong>C\u00d3DIGO ORCID:<\/strong> <a href=\"https:\/\/orcid.org\/0000-0001-9917-9327\">https:\/\/orcid.org\/0000-0001-9917-9327<\/a><\/p>\n\n\n\n<p><strong>CARGOS DIRECTIVOS: <\/strong> Presidente de Comit\u00e9 de Calidad y Acreditaci\u00f3n, Director de la Unidad de Postgrado en Derecho, Presidente de Evaluaci\u00f3n Curricular, Director de estudios de la Escuela Profesional de Derecho, Director de Segunda Especialidad en Funci\u00f3n Jurisdiccional y Procesal.<\/p>\n\n\n\n<p><strong>L\u00cdNEA DE INVESTIGACI\u00d3N:<\/strong> Derecho<\/p>\n\n\n\n<p><strong>SUBL\u00cdNEA DE INVESTIGACI\u00d3N:<\/strong> Derecho Constitucional<\/p>\n\n\n\n<p><strong>EMAIL: <\/strong> jcasazola@unap.edu.pe<\/p>\n\n\n\n<p><strong>Sitio Web:<\/strong> <a href=\"https:\/\/derecho.unap.edu.pe\/jcasazola\/\">https:\/\/derecho.unap.edu.pe\/jcasazola\/<\/a><\/p>\n","protected":false},"excerpt":{"rendered":"<p>Abogado, Maestro en Derecho Privado y Doctor en Derecho, docente principal, Presidente de la Oficina de Gesti\u00f3n de Calidad de la Escuela Profesional de Derecho&#8230;<\/p>\n<div class=\"more-link-wrapper\"><a class=\"more-link\" href=\"https:\/\/derecho.unap.edu.pe\/jcasazola\/about\/\">Seguir leyendo<span class=\"screen-reader-text\">Acerca de m\u00ed<\/span><\/a><\/div>\n","protected":false},"author":1,"featured_media":0,"parent":0,"menu_order":0,"comment_status":"closed","ping_status":"open","template":"","meta":{"footnotes":""},"class_list":["post-2","page","type-page","status-publish","hentry","entry"],"_links":{"self":[{"href":"https:\/\/derecho.unap.edu.pe\/jcasazola\/wp-json\/wp\/v2\/pages\/2","targetHints":{"allow":["GET"]}}],"collection":[{"href":"https:\/\/derecho.unap.edu.pe\/jcasazola\/wp-json\/wp\/v2\/pages"}],"about":[{"href":"https:\/\/derecho.unap.edu.pe\/jcasazola\/wp-json\/wp\/v2\/types\/page"}],"author":[{"embeddable":true,"href":"https:\/\/derecho.unap.edu.pe\/jcasazola\/wp-json\/wp\/v2\/users\/1"}],"replies":[{"embeddable":true,"href":"https:\/\/derecho.unap.edu.pe\/jcasazola\/wp-json\/wp\/v2\/comments?post=2"}],"version-history":[{"count":4,"href":"https:\/\/derecho.unap.edu.pe\/jcasazola\/wp-json\/wp\/v2\/pages\/2\/revisions"}],"predecessor-version":[{"id":53,"href":"https:\/\/derecho.unap.edu.pe\/jcasazola\/wp-json\/wp\/v2\/pages\/2\/revisions\/53"}],"wp:attachment":[{"href":"https:\/\/derecho.unap.edu.pe\/jcasazola\/wp-json\/wp\/v2\/media?parent=2"}],"curies":[{"name":"wp","href":"https:\/\/api.w.org\/{rel}","templated":true}]}}