{"id":21,"date":"2025-05-11T14:04:54","date_gmt":"2025-05-11T14:04:54","guid":{"rendered":"https:\/\/derecho.unap.edu.pe\/jcasazola\/?page_id=21"},"modified":"2025-05-23T00:40:23","modified_gmt":"2025-05-23T00:40:23","slug":"publicaciones","status":"publish","type":"page","link":"https:\/\/derecho.unap.edu.pe\/jcasazola\/publicaciones\/","title":{"rendered":"Publicaciones"},"content":{"rendered":"\n<figure class=\"wp-block-table\"><table class=\"has-fixed-layout\"><tbody><tr><td>Tipo Producci\u00f3n<\/td><td>T\u00edtulo<\/td><td>Autor<\/td><td>A\u00f1o de Producci\u00f3n<\/td><td>DOI<\/td><td>Revista<\/td><\/tr><tr><td>Art\u00edculo en revista cient\u00edfica<\/td><td>FUNDAMENTOS FILOS\u00d3FICOS DE LOS DERECHOS DE LA NATURALEZA: FILOSOF\u00cdA ANDINA Y FILOSOF\u00cdA DE LA LIBERACI\u00d3N&lt;sup&gt;1&lt;\/sup&gt;<\/td><td>Flores G.R.P.<\/td><td>2023<\/td><td><a target=\"_blank\" href=\"http:\/\/www.doi.org\/10.17345\/RCDA3671\" rel=\"noreferrer noopener\">10.17345\/RCDA3671<\/a><\/td><td>Revista Catalana de Dret Ambiental<\/td><\/tr><tr><td>Art\u00edculo en revista cient\u00edfica<\/td><td>Recovering the role of women and the family in the \u201cChacha-Warmi\u201d form of marriage in the Aymara culture of the Peruvian highlands, from the perspective of Gender Law<\/td><td>Coila M.E.<\/td><td>2023<\/td><td><a target=\"_blank\" href=\"http:\/\/www.doi.org\/10.7770\/RCHDCP-V14N1-ART91\" rel=\"noreferrer noopener\">10.7770\/RCHDCP-V14N1-ART91<\/a><\/td><td>Revista Chilena de Derecho y Ciencia Politica<\/td><\/tr><tr><td>JOURNAL_ARTICLE<\/td><td>Covid-19: Tiempos de crisis y vulneraci\u00f3n del derecho intercultural a la salud en las comunidades altoandinas<\/td><td><\/td><td>2021<\/td><td><a target=\"_blank\" href=\"http:\/\/www.doi.org\/10.13140\/RG.2.2.23674.21443\" rel=\"noreferrer noopener\">10.13140\/RG.2.2.23674.21443<\/a><\/td><td><\/td><\/tr><tr><td>JOURNAL_ARTICLE<\/td><td>El desarrollo de los derechos de la naturaleza en el derecho ambiental<\/td><td><\/td><td>2021<\/td><td><a target=\"_blank\" href=\"http:\/\/www.doi.org\/10.47712\/rd.2021.v6i2.161\" rel=\"noreferrer noopener\">10.47712\/rd.2021.v6i2.161<\/a><\/td><td><\/td><\/tr><tr><td>BOOK<\/td><td>LA MADRE TIERRA COMO SUJETO DE DERECHOS<\/td><td><\/td><td>2020<\/td><td><a target=\"_blank\" href=\"http:\/\/www.doi.org\/10.13140\/RG.2.2.12308.53121\" rel=\"noreferrer noopener\">10.13140\/RG.2.2.12308.53121<\/a><\/td><td><\/td><\/tr><tr><td>JOURNAL_ARTICLE<\/td><td>JURISPRUDENCIA DE LA TIERRA<\/td><td><\/td><td>2020<\/td><td><a target=\"_blank\" href=\"http:\/\/www.doi.org\/10.13140\/RG.2.2.23257.13922\" rel=\"noreferrer noopener\">10.13140\/RG.2.2.23257.13922<\/a><\/td><td><\/td><\/tr><tr><td>BOOK_CHAPTER<\/td><td>DERECHO SALVAJE: AHORA GRITA EL AGUA, EL BOSQUE \u2013GRAN POBRE LA TIERRA\u2013, LA MADRE TIERRA<\/td><td><\/td><td>2020<\/td><td><a target=\"_blank\" href=\"http:\/\/www.doi.org\/10.13140\/RG.2.2.29924.60806\" rel=\"noreferrer noopener\">10.13140\/RG.2.2.29924.60806<\/a><\/td><td><\/td><\/tr><tr><td>DISSERTATION<\/td><td>COVID-19: ENTENDIENDO Y COMBATIENDO AL VIRUS<\/td><td><\/td><td>2020<\/td><td><a target=\"_blank\" href=\"http:\/\/www.doi.org\/10.13140\/RG.2.2.29990.34884\" rel=\"noreferrer noopener\">10.13140\/RG.2.2.29990.34884<\/a><\/td><td><\/td><\/tr><tr><td>DISSERTATION<\/td><td>TEOR\u00cdAS JUR\u00cdDICAS PARA CONSIDERAR LA TIERRA SUJETO DE DERECHOS Y APLICABILIDAD EN PROCESOS DE AMPARO EN EL DISTRITO JUDICIAL DE PUNO<\/td><td><\/td><td>2019<\/td><td><a target=\"_blank\" href=\"http:\/\/www.doi.org\/10.13140\/RG.2.2.17236.83844\" rel=\"noreferrer noopener\">10.13140\/RG.2.2.17236.83844<\/a><\/td><td><\/td><\/tr><tr><td>BOOK<\/td><td>Pluralismo Jur\u00eddico &#8211; Ponencias del I Congreso internacional 2018<\/td><td><\/td><td>2019<\/td><td><a target=\"_blank\" href=\"http:\/\/www.doi.org\/10.13140\/RG.2.2.21418.03520\" rel=\"noreferrer noopener\">10.13140\/RG.2.2.21418.03520<\/a><\/td><td><\/td><\/tr><tr><td>JOURNAL_ARTICLE<\/td><td>Los fundamentos filos\u00f3ficos y jur\u00eddicos que justifican el reconocimiento de la Madre Tierra como sujeto de derecho<\/td><td><\/td><td>2019<\/td><td><a target=\"_blank\" href=\"http:\/\/www.doi.org\/10.13140\/RG.2.2.21536.00009\" rel=\"noreferrer noopener\">10.13140\/RG.2.2.21536.00009<\/a><\/td><td><\/td><\/tr><tr><td>JOURNAL_ARTICLE<\/td><td>TEOR\u00cdAS FILOS\u00d3FICAS Y JUR\u00cdDICAS PARA CONSIDERAR A LA TIERRA SUJETO DE DERECHOS: FUNDAMENTOS Y RAZONES DESDE LA PR\u00c1CTICA POL\u00cdTICA Y JUR\u00cdDICA<\/td><td><\/td><td>2019<\/td><td><a target=\"_blank\" href=\"http:\/\/www.doi.org\/10.13140\/RG.2.2.34852.91527\" rel=\"noreferrer noopener\">10.13140\/RG.2.2.34852.91527<\/a><\/td><td><\/td><\/tr><tr><td>JOURNAL_ARTICLE<\/td><td>DERECHO IND\u00cdGENA<\/td><td><\/td><td>2019<\/td><td><a target=\"_blank\" href=\"http:\/\/www.doi.org\/10.13140\/RG.2.2.35796.63368\" rel=\"noreferrer noopener\">10.13140\/RG.2.2.35796.63368<\/a><\/td><td><\/td><\/tr><tr><td>DISSERTATION<\/td><td>DERECHO ALIMENTARIO Y SUS EFECTOS EN LA PROTECCI\u00d3N DE CAPACIDADES EN LA PRIMERA INFANCIA EN LA CIUDAD DE PUNO 2005<\/td><td><\/td><td>2007<\/td><td><a target=\"_blank\" href=\"http:\/\/www.doi.org\/10.13140\/RG.2.2.18463.51369\" rel=\"noreferrer noopener\">10.13140\/RG.2.2.18463.51369<\/a><\/td><td><\/td><\/tr><\/tbody><\/table><\/figure>\n","protected":false},"excerpt":{"rendered":"<p>Tipo Producci\u00f3n T\u00edtulo Autor A\u00f1o de Producci\u00f3n DOI Revista Art\u00edculo en revista cient\u00edfica FUNDAMENTOS FILOS\u00d3FICOS DE LOS DERECHOS DE LA NATURALEZA: FILOSOF\u00cdA ANDINA Y FILOSOF\u00cdA&#8230;<\/p>\n<div class=\"more-link-wrapper\"><a class=\"more-link\" href=\"https:\/\/derecho.unap.edu.pe\/jcasazola\/publicaciones\/\">Seguir leyendo<span class=\"screen-reader-text\">Publicaciones<\/span><\/a><\/div>\n","protected":false},"author":2,"featured_media":0,"parent":0,"menu_order":0,"comment_status":"closed","ping_status":"closed","template":"","meta":{"footnotes":""},"class_list":["post-21","page","type-page","status-publish","hentry","entry"],"_links":{"self":[{"href":"https:\/\/derecho.unap.edu.pe\/jcasazola\/wp-json\/wp\/v2\/pages\/21","targetHints":{"allow":["GET"]}}],"collection":[{"href":"https:\/\/derecho.unap.edu.pe\/jcasazola\/wp-json\/wp\/v2\/pages"}],"about":[{"href":"https:\/\/derecho.unap.edu.pe\/jcasazola\/wp-json\/wp\/v2\/types\/page"}],"author":[{"embeddable":true,"href":"https:\/\/derecho.unap.edu.pe\/jcasazola\/wp-json\/wp\/v2\/users\/2"}],"replies":[{"embeddable":true,"href":"https:\/\/derecho.unap.edu.pe\/jcasazola\/wp-json\/wp\/v2\/comments?post=21"}],"version-history":[{"count":3,"href":"https:\/\/derecho.unap.edu.pe\/jcasazola\/wp-json\/wp\/v2\/pages\/21\/revisions"}],"predecessor-version":[{"id":47,"href":"https:\/\/derecho.unap.edu.pe\/jcasazola\/wp-json\/wp\/v2\/pages\/21\/revisions\/47"}],"wp:attachment":[{"href":"https:\/\/derecho.unap.edu.pe\/jcasazola\/wp-json\/wp\/v2\/media?parent=21"}],"curies":[{"name":"wp","href":"https:\/\/api.w.org\/{rel}","templated":true}]}}