{"id":25,"date":"2025-05-11T14:05:33","date_gmt":"2025-05-11T14:05:33","guid":{"rendered":"https:\/\/derecho.unap.edu.pe\/jcasazola\/?page_id=25"},"modified":"2025-05-13T16:40:40","modified_gmt":"2025-05-13T16:40:40","slug":"cursos","status":"publish","type":"page","link":"https:\/\/derecho.unap.edu.pe\/jcasazola\/cursos\/","title":{"rendered":"Cursos"},"content":{"rendered":"\n<h2 class=\"wp-block-heading\">2025-I<\/h2>\n\n\n\n<figure class=\"wp-block-table\"><table class=\"has-fixed-layout\"><thead><tr><th>C\u00f3digo<\/th><th>Curso<\/th><th>\u00c1rea<\/th><th>Programa de Estudios<\/th><th>Ciclo<\/th><th>Condici\u00f3n<\/th><\/tr><\/thead><tbody><tr><td>DER213<\/td><td>DERECHOS HUMANOS I<\/td><td>Estudios espec\u00edficos<\/td><td>DERECHO<\/td><td>IV<\/td><td>OBLIGATORIO<\/td><\/tr><tr><td>DER223<\/td><td>DERECHO AMBIENTAL Y ECOL\u00d3GICO<\/td><td>Estudios espec\u00edficos<\/td><td>DERECHO<\/td><td>V<\/td><td>OBLIGATORIO<\/td><\/tr><tr><td>060<\/td><td>METODOLOGIA DE INVESTIGACION JURIDICA I (PROYECTOS DE INVESTIGACION)<\/td><td>Estudios espec\u00edficos<\/td><td>DERECHO<\/td><td>X<\/td><td>OBLIGATORIO<\/td><\/tr><tr><td>067<\/td><td>METODOLOGIA DE INVESTIGACION JURIDICA II(EJECUCION)<\/td><td>Estudios espec\u00edficos<\/td><td>DERECHO<\/td><td>XI<\/td><td>OBLIGATORIO<\/td><\/tr><\/tbody><\/table><\/figure>\n\n\n\n<h2 class=\"wp-block-heading\">2024-II<\/h2>\n\n\n\n<figure class=\"wp-block-table\"><table class=\"has-fixed-layout\"><thead><tr><th>C\u00f3digo<\/th><th>Curso<\/th><th>\u00c1rea<\/th><th>Programa de Estudios<\/th><th>Ciclo<\/th><th>Condici\u00f3n<\/th><\/tr><\/thead><tbody><tr><td>DER223<\/td><td>DERECHO AMBIENTAL Y ECOL\u00d3GICO<\/td><td>Estudios espec\u00edficos<\/td><td>DERECHO<\/td><td>V<\/td><td>OBLIGATORIO<\/td><\/tr><tr><td>067<\/td><td>METODOLOGIA DE INVESTIGACION JURIDICA II(EJECUCION)<\/td><td>Estudios espec\u00edficos<\/td><td>DERECHO<\/td><td>XI<\/td><td>OBLIGATORIO<\/td><\/tr><\/tbody><\/table><\/figure>\n\n\n\n<h2 class=\"wp-block-heading\">2024-I<\/h2>\n\n\n\n<figure class=\"wp-block-table\"><table class=\"has-fixed-layout\"><thead><tr><th>C\u00f3digo<\/th><th>Curso<\/th><th>\u00c1rea<\/th><th>Programa de Estudios<\/th><th>Ciclo<\/th><th>Condici\u00f3n<\/th><\/tr><\/thead><tbody><tr><td>DER223<\/td><td>DERECHO AMBIENTAL Y ECOL\u00d3GICO<\/td><td>Estudios espec\u00edficos<\/td><td>DERECHO<\/td><td>V<\/td><td>OBLIGATORIO<\/td><\/tr><tr><td>053<\/td><td>PLURALISMO JURIDICO Y DERECHO DE LAS MINORIAS PCDS<\/td><td>Estudios de especialidad<\/td><td>DERECHO<\/td><td>IX<\/td><td>OBLIGATORIO<\/td><\/tr><tr><td>060<\/td><td>METODOLOGIA DE INVESTIGACION JURIDICA I (PROYECTOS DE INVESTIGACION)<\/td><td>Estudios espec\u00edficos<\/td><td>DERECHO<\/td><td>X<\/td><td>OBLIGATORIO<\/td><\/tr><tr><td>067<\/td><td>METODOLOGIA DE INVESTIGACION JURIDICA II(EJECUCION)<\/td><td>Estudios espec\u00edficos<\/td><td>DERECHO<\/td><td>XI<\/td><td>OBLIGATORIO<\/td><\/tr><\/tbody><\/table><\/figure>\n\n\n\n<h2 class=\"wp-block-heading\">2023-II<\/h2>\n\n\n\n<figure class=\"wp-block-table\"><table class=\"has-fixed-layout\"><thead><tr><th>C\u00f3digo<\/th><th>Curso<\/th><th>\u00c1rea<\/th><th>Programa de Estudios<\/th><th>Ciclo<\/th><th>Condici\u00f3n<\/th><\/tr><\/thead><tbody><tr><td>DER223<\/td><td>DERECHO AMBIENTAL Y ECOL\u00d3GICO<\/td><td>Estudios espec\u00edficos<\/td><td>DERECHO<\/td><td>V<\/td><td>OBLIGATORIO<\/td><\/tr><tr><td>060<\/td><td>METODOLOGIA DE INVESTIGACION JURIDICA I (PROYECTOS DE INVESTIGACION)<\/td><td>Estudios espec\u00edficos<\/td><td>DERECHO<\/td><td>X<\/td><td>OBLIGATORIO<\/td><\/tr><\/tbody><\/table><\/figure>\n\n\n\n<h2 class=\"wp-block-heading\">2023-I<\/h2>\n\n\n\n<figure class=\"wp-block-table\"><table class=\"has-fixed-layout\"><thead><tr><th>C\u00f3digo<\/th><th>Curso<\/th><th>\u00c1rea<\/th><th>Programa de Estudios<\/th><th>Ciclo<\/th><th>Condici\u00f3n<\/th><\/tr><\/thead><tbody><tr><td>045<\/td><td>DERECHO AMBIENTAL Y ECOLOGICO<\/td><td>Estudios espec\u00edficos<\/td><td>DERECHO<\/td><td>VIII<\/td><td>OBLIGATORIO<\/td><\/tr><tr><td>060<\/td><td>METODOLOGIA DE INVESTIGACION JURIDICA I (PROYECTOS DE INVESTIGACION)<\/td><td>Estudios espec\u00edficos<\/td><td>DERECHO<\/td><td>X<\/td><td>OBLIGATORIO<\/td><\/tr><\/tbody><\/table><\/figure>\n\n\n\n<p><\/p>\n","protected":false},"excerpt":{"rendered":"<p>2025-I C\u00f3digo Curso \u00c1rea Programa de Estudios Ciclo Condici\u00f3n DER213 DERECHOS HUMANOS I Estudios espec\u00edficos DERECHO IV OBLIGATORIO DER223 DERECHO AMBIENTAL Y ECOL\u00d3GICO Estudios espec\u00edficos&#8230;<\/p>\n<div class=\"more-link-wrapper\"><a class=\"more-link\" href=\"https:\/\/derecho.unap.edu.pe\/jcasazola\/cursos\/\">Seguir leyendo<span class=\"screen-reader-text\">Cursos<\/span><\/a><\/div>\n","protected":false},"author":2,"featured_media":0,"parent":0,"menu_order":0,"comment_status":"closed","ping_status":"closed","template":"","meta":{"footnotes":""},"class_list":["post-25","page","type-page","status-publish","hentry","entry"],"_links":{"self":[{"href":"https:\/\/derecho.unap.edu.pe\/jcasazola\/wp-json\/wp\/v2\/pages\/25","targetHints":{"allow":["GET"]}}],"collection":[{"href":"https:\/\/derecho.unap.edu.pe\/jcasazola\/wp-json\/wp\/v2\/pages"}],"about":[{"href":"https:\/\/derecho.unap.edu.pe\/jcasazola\/wp-json\/wp\/v2\/types\/page"}],"author":[{"embeddable":true,"href":"https:\/\/derecho.unap.edu.pe\/jcasazola\/wp-json\/wp\/v2\/users\/2"}],"replies":[{"embeddable":true,"href":"https:\/\/derecho.unap.edu.pe\/jcasazola\/wp-json\/wp\/v2\/comments?post=25"}],"version-history":[{"count":3,"href":"https:\/\/derecho.unap.edu.pe\/jcasazola\/wp-json\/wp\/v2\/pages\/25\/revisions"}],"predecessor-version":[{"id":40,"href":"https:\/\/derecho.unap.edu.pe\/jcasazola\/wp-json\/wp\/v2\/pages\/25\/revisions\/40"}],"wp:attachment":[{"href":"https:\/\/derecho.unap.edu.pe\/jcasazola\/wp-json\/wp\/v2\/media?parent=25"}],"curies":[{"name":"wp","href":"https:\/\/api.w.org\/{rel}","templated":true}]}}