{"id":1013,"date":"2025-05-07T01:29:52","date_gmt":"2025-05-07T01:29:52","guid":{"rendered":"https:\/\/derecho.unap.edu.pe\/mespinoza\/?page_id=1013"},"modified":"2025-05-07T01:29:52","modified_gmt":"2025-05-07T01:29:52","slug":"difusion-de-trabajos-y-ponencias","status":"publish","type":"page","link":"https:\/\/derecho.unap.edu.pe\/mespinoza\/difusion-de-trabajos-y-ponencias\/","title":{"rendered":"Difusi\u00f3n de trabajos y ponencias"},"content":{"rendered":"\n<h4 class=\"wp-block-heading\">DIFUSI\u00d3N DE TRABAJO DE INVESTIGACI\u00d3N EN CONGRESOS, SEMINARIOS Y OTROS, PONENCIAS EN CONGRESOS NACIONALES \/ INTERNACIONALES, PARTICIPACI\u00d3N EN ACTIVIDADES ACAD\u00c9MICAS<\/h4>\n\n\n\n<ul class=\"wp-block-list\">\n<li>I CONGRESO INTERNACIONAL DE INVESTIGACI\u00d3N EN HOMENAJE AL DR. JULIO MAYTA QUISPE <\/li>\n\n\n\n<li>TALLER DE CAPACITACI\u00d3N SOBRE USO DE SOFTWARE LEGAL CASE Y REDACCI\u00d3N DE ESCRITOS PROCESALES <\/li>\n\n\n\n<li>TALLER DE CAPACITACI\u00d3N SOBRE USO DE SOFTWARE LEGAL CASE <\/li>\n\n\n\n<li>Capacitaci\u00f3n sobre uso de DIALNET PLUS y funcionamiento de la Biblioteca especializada de Derecho <\/li>\n\n\n\n<li>I JORNADA INCRIDES DE CRIMINOLOG\u00cdA Y POL\u00cdTICA CRIMINAL: CAP\u00cdTULO PUNO <\/li>\n\n\n\n<li> Taller de uso de Mendeley para estudiantes de Derecho <\/li>\n\n\n\n<li>CURSO DE CAPACITACI\u00d3N SOBRE EST\u00c1NDARES DE ACREDITACI\u00d3N APLICADO EN LA GESTI\u00d3N DE LA MESA DE PARTES DIGITAL Y NOTIFICACI\u00d3N ELECTR\u00d3NICA (Ley N\u00b0 31170) <\/li>\n\n\n\n<li>CURSO DE HERRAMIENTAS TIC\u00b4S PARA EL PROCESO DE ENSE\u00d1ANZA Y APRENDIZAJE DEL DERECHO EN POSGRADO <\/li>\n\n\n\n<li>Curso de software especializado de pizarra interactiva para la ense\u00f1anza del Derecho 2022 <\/li>\n\n\n\n<li>Curso sobre uso de base de datos y software de biblioteca. <\/li>\n\n\n\n<li>Congreso Internacional de Metodolog\u00eda de Investigaci\u00f3n y Presentaci\u00f3n de Libros<\/li>\n<\/ul>\n","protected":false},"excerpt":{"rendered":"<p>DIFUSI\u00d3N DE TRABAJO DE INVESTIGACI\u00d3N EN CONGRESOS, SEMINARIOS Y OTROS, PONENCIAS EN CONGRESOS NACIONALES \/ INTERNACIONALES, PARTICIPACI\u00d3N EN ACTIVIDADES ACAD\u00c9MICAS<\/p>\n","protected":false},"author":1,"featured_media":0,"parent":0,"menu_order":0,"comment_status":"closed","ping_status":"closed","template":"","meta":{"footnotes":""},"class_list":["post-1013","page","type-page","status-publish","hentry","entry"],"_links":{"self":[{"href":"https:\/\/derecho.unap.edu.pe\/mespinoza\/wp-json\/wp\/v2\/pages\/1013","targetHints":{"allow":["GET"]}}],"collection":[{"href":"https:\/\/derecho.unap.edu.pe\/mespinoza\/wp-json\/wp\/v2\/pages"}],"about":[{"href":"https:\/\/derecho.unap.edu.pe\/mespinoza\/wp-json\/wp\/v2\/types\/page"}],"author":[{"embeddable":true,"href":"https:\/\/derecho.unap.edu.pe\/mespinoza\/wp-json\/wp\/v2\/users\/1"}],"replies":[{"embeddable":true,"href":"https:\/\/derecho.unap.edu.pe\/mespinoza\/wp-json\/wp\/v2\/comments?post=1013"}],"version-history":[{"count":1,"href":"https:\/\/derecho.unap.edu.pe\/mespinoza\/wp-json\/wp\/v2\/pages\/1013\/revisions"}],"predecessor-version":[{"id":1015,"href":"https:\/\/derecho.unap.edu.pe\/mespinoza\/wp-json\/wp\/v2\/pages\/1013\/revisions\/1015"}],"wp:attachment":[{"href":"https:\/\/derecho.unap.edu.pe\/mespinoza\/wp-json\/wp\/v2\/media?parent=1013"}],"curies":[{"name":"wp","href":"https:\/\/api.w.org\/{rel}","templated":true}]}}