{"id":1021,"date":"2025-05-07T01:35:54","date_gmt":"2025-05-07T01:35:54","guid":{"rendered":"https:\/\/derecho.unap.edu.pe\/mespinoza\/?page_id=1021"},"modified":"2025-05-07T01:40:16","modified_gmt":"2025-05-07T01:40:16","slug":"cursos","status":"publish","type":"page","link":"https:\/\/derecho.unap.edu.pe\/mespinoza\/cursos\/","title":{"rendered":"Cursos"},"content":{"rendered":"\n<h2 class=\"wp-block-heading\">2025-I<\/h2>\n\n\n\n<figure class=\"wp-block-table\"><table class=\"has-fixed-layout\"><thead><tr><th>C\u00f3digo<\/th><th>Curso<\/th><th>\u00c1rea<\/th><th>Programa de Estudios<\/th><th>Ciclo<\/th><th>Condici\u00f3n<\/th><\/tr><\/thead><tbody><tr><td>DER204<\/td><td>DERECHO, ROMANO, GERMANICO Y ANGLO SAJ\u00d3N<\/td><td>Estudios espec\u00edficos<\/td><td>DERECHO<\/td><td>III<\/td><td>OBLIGATORIO<\/td><\/tr><\/tbody><\/table><\/figure>\n\n\n\n<div class=\"wp-block-columns is-layout-flex wp-container-core-columns-is-layout-9d6595d7 wp-block-columns-is-layout-flex\">\n<div class=\"wp-block-column is-layout-flow wp-block-column-is-layout-flow\" style=\"flex-basis:100%\">\n<figure class=\"wp-block-table\"><table class=\"has-fixed-layout\"><tbody><tr><td>DER219<\/td><td>MARCS NO INSTITUCIONALIZADOS Y JUSTICIA ALTERNATIVA<\/td><td>Estudios espec\u00edficos<\/td><td>DERECHO<\/td><td>IV<\/td><td>OBLIGATORIO<\/td><\/tr><tr><td>DER306<\/td><td>CRIMINOLOG\u00cdA<\/td><td>Estudios de especialidad<\/td><td>DERECHO<\/td><td>VI<\/td><td>OBLIGATORIO<\/td><\/tr><tr><td>055<\/td><td>DERECHO PROCESAL LABORAL PRIVADO<\/td><td>Estudios de especialidad<\/td><td>DERECHO<\/td><td>IX<\/td><td>OBLIGATORIO<\/td><\/tr><tr><td>DER329<\/td><td>GOBIERNO DIGITAL Y DERECHO INFORM\u00c1TICO<\/td><td>Estudios de especialidad<\/td><td>DERECHO<\/td><td>IX<\/td><td>OBLIGATORIO<\/td><\/tr><tr><td>078<\/td><td>DERECHO PROCESAL PENAL VI: JURISPRUDENCIA PENAL Y EJECUCION PENAL<\/td><td>Estudios de especialidad<\/td><td>DERECHO<\/td><td>XII<\/td><td>OBLIGATORIO<\/td><\/tr><\/tbody><\/table><\/figure>\n<\/div>\n<\/div>\n\n\n\n<h2 class=\"wp-block-heading\">2024-II<\/h2>\n\n\n\n<figure class=\"wp-block-table\"><table class=\"has-fixed-layout\"><thead><tr><th>C\u00f3digo<\/th><th>Curso<\/th><th>\u00c1rea<\/th><th>Programa de Estudios<\/th><th>Ciclo<\/th><th>Condici\u00f3n<\/th><\/tr><\/thead><tbody><tr><td>DER204<\/td><td>DERECHO, ROMANO, GERMANICO Y ANGLO SAJ\u00d3N<\/td><td>Estudios espec\u00edficos<\/td><td>DERECHO<\/td><td>III<\/td><td>OBLIGATORIO<\/td><\/tr><\/tbody><\/table><\/figure>\n\n\n\n<figure class=\"wp-block-table\"><table class=\"has-fixed-layout\"><tbody><tr><td>DER217<\/td><td>DERECHO NACIONAL, REGIONAL, MUNICIPAL Y LOPE<\/td><td>Estudios de especialidad<\/td><td>DERECHO<\/td><td>IV<\/td><td>OBLIGATORIO<\/td><\/tr><tr><td>054<\/td><td>DERECHO PROCESAL PENAL III: LA INVESTIGACION PREPARATORIA EN EL PROCESO PENAL PERUANO<\/td><td>Estudios de especialidad<\/td><td>DERECHO<\/td><td>IX<\/td><td>OBLIGATORIO<\/td><\/tr><tr><td>055<\/td><td>DERECHO PROCESAL LABORAL PRIVADO<\/td><td>Estudios de especialidad<\/td><td>DERECHO<\/td><td>IX<\/td><td>OBLIGATORIO<\/td><\/tr><tr><td>078<\/td><td>DERECHO PROCESAL PENAL VI: JURISPRUDENCIA PENAL Y EJECUCION PENAL<\/td><td>Estudios de especialidad<\/td><td>DERECHO<\/td><td>XII<\/td><td>OBLIGATORIO<\/td><\/tr><\/tbody><\/table><\/figure>\n\n\n\n<h2 class=\"wp-block-heading\">2024-I<\/h2>\n\n\n\n<figure class=\"wp-block-table\"><table class=\"has-fixed-layout\"><thead><tr><th>C\u00f3digo<\/th><th>Curso<\/th><th>\u00c1rea<\/th><th>Programa de Estudios<\/th><th>Ciclo<\/th><th>Condici\u00f3n<\/th><\/tr><\/thead><tbody><tr><td>DER204<\/td><td>DERECHO, ROMANO, GERMANICO Y ANGLO SAJ\u00d3N<\/td><td>Estudios espec\u00edficos<\/td><td>DERECHO<\/td><td>III<\/td><td>OBLIGATORIO<\/td><\/tr><\/tbody><\/table><\/figure>\n\n\n\n<figure class=\"wp-block-table\"><table class=\"has-fixed-layout\"><tbody><tr><td>DER217<\/td><td>DERECHO NACIONAL, REGIONAL, MUNICIPAL Y LOPE<\/td><td>Estudios de especialidad<\/td><td>DERECHO<\/td><td>IV<\/td><td>OBLIGATORIO<\/td><\/tr><tr><td>DER219<\/td><td>MARCS NO INSTITUCIONALIZADOS Y JUSTICIA ALTERNATIVA<\/td><td>Estudios espec\u00edficos<\/td><td>DERECHO<\/td><td>IV<\/td><td>OBLIGATORIO<\/td><\/tr><tr><td>055<\/td><td>DERECHO PROCESAL LABORAL PRIVADO<\/td><td>Estudios de especialidad<\/td><td>DERECHO<\/td><td>IX<\/td><td>OBLIGATORIO<\/td><\/tr><tr><td>078<\/td><td>DERECHO PROCESAL PENAL VI: JURISPRUDENCIA PENAL Y EJECUCION PENAL<\/td><td>Estudios de especialidad<\/td><td>DERECHO<\/td><td>XII<\/td><td>OBLIGATORIO<\/td><\/tr><\/tbody><\/table><\/figure>\n\n\n\n<h2 class=\"wp-block-heading\">2023-II<\/h2>\n\n\n\n<figure class=\"wp-block-table\"><table class=\"has-fixed-layout\"><thead><tr><th>C\u00f3digo<\/th><th>Curso<\/th><th>\u00c1rea<\/th><th>Programa de Estudios<\/th><th>Ciclo<\/th><th>Condici\u00f3n<\/th><\/tr><\/thead><tbody><tr><td>031<\/td><td>CRIMINOLOGIA<\/td><td>Estudios espec\u00edficos<\/td><td>DERECHO<\/td><td>VI<\/td><td>OBLIGATORIO<\/td><\/tr><\/tbody><\/table><\/figure>\n\n\n\n<figure class=\"wp-block-table\"><table class=\"has-fixed-layout\"><tbody><tr><td>DER306<\/td><td>CRIMINOLOG\u00cdA<\/td><td>Estudios de especialidad<\/td><td>DERECHO<\/td><td>VI<\/td><td>OBLIGATORIO<\/td><\/tr><tr><td>057<\/td><td>PRACTICA EXTERNA I (1RA.ETAPA DE PRACTICAS PRE-PROFESIONALES EN CONSULTORIOS PRIVADOS)<\/td><td>Estudios espec\u00edficos<\/td><td>DERECHO<\/td><td>IX<\/td><td>OBLIGATORIO<\/td><\/tr><tr><td>190<\/td><td>LEGISLACION PESQUERA<\/td><td>Estudios de especialidad<\/td><td>BIOLOGIA<\/td><td>IX<\/td><td>ELECTIVO<\/td><\/tr><\/tbody><\/table><\/figure>\n\n\n\n<h2 class=\"wp-block-heading\">2023-I<\/h2>\n\n\n\n<figure class=\"wp-block-table\"><table class=\"has-fixed-layout\"><thead><tr><th>C\u00f3digo<\/th><th>Curso<\/th><th>\u00c1rea<\/th><th>Programa de Estudios<\/th><th>Ciclo<\/th><th>Condici\u00f3n<\/th><\/tr><\/thead><tbody><tr><td>DER205<\/td><td>TEOR\u00cdA DE ESTADO<\/td><td>Estudios espec\u00edficos<\/td><td>DERECHO<\/td><td>III<\/td><td>OBLIGATORIO<\/td><\/tr><\/tbody><\/table><\/figure>\n\n\n\n<figure class=\"wp-block-table\"><table class=\"has-fixed-layout\"><tbody><tr><td>031<\/td><td>CRIMINOLOGIA<\/td><td>Estudios espec\u00edficos<\/td><td>DERECHO<\/td><td>VI<\/td><td>OBLIGATORIO<\/td><\/tr><tr><td>057<\/td><td>PRACTICA EXTERNA I (1RA.ETAPA DE PRACTICAS PRE-PROFESIONALES EN CONSULTORIOS PRIVADOS)<\/td><td>Estudios espec\u00edficos<\/td><td>DERECHO<\/td><td>IX<\/td><td>OBLIGATORIO<\/td><\/tr><tr><td>190<\/td><td>LEGISLACION PESQUERA<\/td><td>Estudios de especialidad<\/td><td>BIOLOGIA<\/td><td>IX<\/td><td>ELECTIVO<\/td><\/tr><\/tbody><\/table><\/figure>\n","protected":false},"excerpt":{"rendered":"<p>2025-I C\u00f3digo Curso \u00c1rea Programa de Estudios Ciclo Condici\u00f3n DER204 DERECHO, ROMANO, GERMANICO Y ANGLO SAJ\u00d3N Estudios espec\u00edficos DERECHO III OBLIGATORIO DER219 MARCS NO INSTITUCIONALIZADOS&#8230;<\/p>\n<div class=\"more-link-wrapper\"><a class=\"more-link\" href=\"https:\/\/derecho.unap.edu.pe\/mespinoza\/cursos\/\">Seguir leyendo<span class=\"screen-reader-text\">Cursos<\/span><\/a><\/div>\n","protected":false},"author":1,"featured_media":0,"parent":0,"menu_order":0,"comment_status":"closed","ping_status":"closed","template":"","meta":{"footnotes":""},"class_list":["post-1021","page","type-page","status-publish","hentry","entry"],"_links":{"self":[{"href":"https:\/\/derecho.unap.edu.pe\/mespinoza\/wp-json\/wp\/v2\/pages\/1021","targetHints":{"allow":["GET"]}}],"collection":[{"href":"https:\/\/derecho.unap.edu.pe\/mespinoza\/wp-json\/wp\/v2\/pages"}],"about":[{"href":"https:\/\/derecho.unap.edu.pe\/mespinoza\/wp-json\/wp\/v2\/types\/page"}],"author":[{"embeddable":true,"href":"https:\/\/derecho.unap.edu.pe\/mespinoza\/wp-json\/wp\/v2\/users\/1"}],"replies":[{"embeddable":true,"href":"https:\/\/derecho.unap.edu.pe\/mespinoza\/wp-json\/wp\/v2\/comments?post=1021"}],"version-history":[{"count":7,"href":"https:\/\/derecho.unap.edu.pe\/mespinoza\/wp-json\/wp\/v2\/pages\/1021\/revisions"}],"predecessor-version":[{"id":1028,"href":"https:\/\/derecho.unap.edu.pe\/mespinoza\/wp-json\/wp\/v2\/pages\/1021\/revisions\/1028"}],"wp:attachment":[{"href":"https:\/\/derecho.unap.edu.pe\/mespinoza\/wp-json\/wp\/v2\/media?parent=1021"}],"curies":[{"name":"wp","href":"https:\/\/api.w.org\/{rel}","templated":true}]}}