{"id":334,"date":"2020-01-05T23:28:19","date_gmt":"2020-01-06T04:28:19","guid":{"rendered":"https:\/\/micnous.wordpress.com\/?page_id=334"},"modified":"2025-09-25T19:24:44","modified_gmt":"2025-09-25T19:24:44","slug":"sobre-mi","status":"publish","type":"page","link":"https:\/\/derecho.unap.edu.pe\/mespinoza\/sobre-mi\/","title":{"rendered":"Sobre m\u00ed"},"content":{"rendered":"\n<p>Soy Abogado, docente de Criminolog\u00eda, Gobierno digital y Derecho Inform\u00e1tico y otros cursos en la Escuela Profesional de Derecho de la Universidad Nacional del Altiplano de Puno, Investigador,&nbsp; integrante del C\u00edrculo de investigaci\u00f3n l\u00edderes optimistas revelando derecho (CILORD) y del INCRIDES, y catequista.<\/p>\n\n\n\n<p><strong>APELLIDOS Y NOMBRES:<\/strong> Espinoza Coila, Michael<\/p>\n\n\n\n<p><strong>DNI: <\/strong>71955904<\/p>\n\n\n\n<p><strong>GRADO: <\/strong>Doctor en Derecho, Maestro en Derecho Procesal Penal por la Universidad Nacional del Altiplano de Puno. Estudios en proceso en la maestr\u00eda en Seguridad ciudadana y Criminolog\u00eda por la Universidad San Martin de Porres.<\/p>\n\n\n\n<p><strong>CONDICI\u00d3N\/CATEGOR\u00cdA:<\/strong> Ordinario, Auxiliar &#8211; Tiempo completo.<\/p>\n\n\n\n<p><strong>N\u00b0 DE COLEGIATURA:<\/strong> ICAP 6054<\/p>\n\n\n\n<p><strong>ESPECIALIDADES:<\/strong> Estudios en proceso en Derecho procesal y funci\u00f3n jurisdiccional y did\u00e1ctica universitaria.<\/p>\n\n\n\n<p><strong>EXPERIENCIA PROFESIONAL: <\/strong>Poder Judicial, Ministerio P\u00fablico, Instituto Nacional Penitenciario y Universidad Nacional del Altiplano de Puno.<\/p>\n\n\n\n<p><strong>LUGAR DE TRABAJO:<\/strong> Universidad Nacional del Altiplano de Puno <\/p>\n\n\n\n<p><strong>C\u00d3DIGO RENACYT:<\/strong> P0041117<\/p>\n\n\n\n<p><strong>C\u00d3DIGO ORCID:<\/strong> <a href=\"https:\/\/orcid.org\/0000-0002-4562-6969\">https:\/\/orcid.org\/0000-0002-4562-6969<\/a><\/p>\n\n\n\n<p><strong>CARGOS DIRECTIVOS: <\/strong>Responsable del Laboratorio de c\u00f3mputo<\/p>\n\n\n\n<p><strong>L\u00cdNEA DE INVESTIGACI\u00d3N:<\/strong> Derecho<\/p>\n\n\n\n<p><strong>SUBL\u00cdNEA DE INVESTIGACI\u00d3N:<\/strong> Derecho Penal<\/p>\n\n\n\n<p><strong>EMAIL: <\/strong>mespinoza@unap.edu.pe<\/p>\n\n\n\n<p style=\"text-transform:uppercase\"><strong>Sitio Web:<\/strong> <u>https:\/\/derecho.unap.edu.pe\/mespinoza\/<\/u><\/p>\n","protected":false},"excerpt":{"rendered":"<p>Soy Abogado, docente de Criminolog\u00eda, Gobierno digital y Derecho Inform\u00e1tico y otros cursos en la Escuela Profesional de Derecho de la Universidad Nacional del Altiplano&#8230;<\/p>\n<div class=\"more-link-wrapper\"><a class=\"more-link\" href=\"https:\/\/derecho.unap.edu.pe\/mespinoza\/sobre-mi\/\">Seguir leyendo<span class=\"screen-reader-text\">Sobre m\u00ed<\/span><\/a><\/div>\n","protected":false},"author":1,"featured_media":0,"parent":0,"menu_order":0,"comment_status":"closed","ping_status":"closed","template":"","meta":{"footnotes":""},"class_list":["post-334","page","type-page","status-publish","hentry","entry"],"_links":{"self":[{"href":"https:\/\/derecho.unap.edu.pe\/mespinoza\/wp-json\/wp\/v2\/pages\/334","targetHints":{"allow":["GET"]}}],"collection":[{"href":"https:\/\/derecho.unap.edu.pe\/mespinoza\/wp-json\/wp\/v2\/pages"}],"about":[{"href":"https:\/\/derecho.unap.edu.pe\/mespinoza\/wp-json\/wp\/v2\/types\/page"}],"author":[{"embeddable":true,"href":"https:\/\/derecho.unap.edu.pe\/mespinoza\/wp-json\/wp\/v2\/users\/1"}],"replies":[{"embeddable":true,"href":"https:\/\/derecho.unap.edu.pe\/mespinoza\/wp-json\/wp\/v2\/comments?post=334"}],"version-history":[{"count":12,"href":"https:\/\/derecho.unap.edu.pe\/mespinoza\/wp-json\/wp\/v2\/pages\/334\/revisions"}],"predecessor-version":[{"id":1225,"href":"https:\/\/derecho.unap.edu.pe\/mespinoza\/wp-json\/wp\/v2\/pages\/334\/revisions\/1225"}],"wp:attachment":[{"href":"https:\/\/derecho.unap.edu.pe\/mespinoza\/wp-json\/wp\/v2\/media?parent=334"}],"curies":[{"name":"wp","href":"https:\/\/api.w.org\/{rel}","templated":true}]}}