{"id":2,"date":"2020-11-15T21:47:25","date_gmt":"2020-11-15T21:47:25","guid":{"rendered":"http:\/\/derecho.unap.edu.pe\/jcasazola\/?page_id=2"},"modified":"2025-08-15T17:59:36","modified_gmt":"2025-08-15T17:59:36","slug":"about","status":"publish","type":"page","link":"https:\/\/derecho.unap.edu.pe\/mmariscal\/about\/","title":{"rendered":"Acerca de m\u00ed"},"content":{"rendered":"\n<p class=\"has-text-align-left\">Abogado por la Universidad Nacional de San Agust\u00edn de Arequipa, Colegiado por el Colegio de Abogados de Lima y el Ilustre Colegio de Abogados de Puno ; Maestro en Derecho Procesal y Soluci\u00f3n de Conflictos por la Universidad Peruana de Ciencias Aplicadas; con estudios de doctorado en la Escuela de Posgrado de la Universidad Nacional del Altiplano, especializaci\u00f3n en Derecho Civil y Derecho Procesal Civil por la Academia de la Magistratura, especializaci\u00f3n en Contrataciones del Estado y Arbitraje por la Universidad Cat\u00f3lica San Pablo y Derecho Constitucional por la Universidad Cat\u00f3lica Santa Mar\u00eda. Docente nombrado en la Facultad de Ciencias Jur\u00eddicas y Pol\u00edticas de la Universidad Nacional del Altiplano. Ponente en diferentes eventos a nivel local, regional, nacional e internacional. Fue Jefe de Asesor\u00eda Legal en el Proyecto Especial Lago Titicaca, Asistente legal en el Estudio Jur\u00eddico Mu\u00f1iz de Lima; Asistente legal en el Estudio Jur\u00eddico Portugal S\u00e1nchez de Lima; Asistente legal en el Estudio Mariscal Flores, Abogado en el Estudio Jur\u00eddico Mariscal &amp; Galdos; socio fundador del Estudio Jur\u00eddico Mariscal Abogados, con experiencia en asesor\u00eda legal y defensa judicial para personas naturales y jur\u00eddicas en materias de acto jur\u00eddico, derechos reales, obligaciones, contratos, responsabilidad civil, arbitraje en contrataciones del Estado, derecho administrativo y derecho constitucional, proactivo, basando su trabajo en los valores de honestidad y responsabilidad.<\/p>\n\n\n\n<p><strong>APELLIDOS Y NOMBRES:<\/strong> Mariscal Rivera, Mois\u00e9s Pablo.<\/p>\n\n\n\n<p><strong>DNI:<\/strong> 01341108<\/p>\n\n\n\n<p><strong>GRADO: <\/strong> Maestro en Derecho Procesal y Soluci\u00f3n de Conflictos, Abogado por la Universidad Nacional de San Agust\u00edn de Arequipa.<\/p>\n\n\n\n<p><strong>CONDICI\u00d3N\/CATEGOR\u00cdA:<\/strong> Auxiliar nombrado a tiempo completo<\/p>\n\n\n\n<p><strong>N\u00b0 DE COLEGIATURA:<\/strong> <\/p>\n\n\n\n<ul class=\"wp-block-list\">\n<li>Registro 1349 \u2013 Colegio de Abogados de Puno.&nbsp;<\/li>\n<\/ul>\n\n\n\n<ul class=\"wp-block-list\">\n<li>Registro 52090 \u2013 Colegio de Abogados de Lima.<\/li>\n<\/ul>\n\n\n\n<p><strong>ESPECIALIDADES:<\/strong> Derecho Civil, Derecho Procesal Civil, Arbitraje Comercial y Contrataciones del Estado.<\/p>\n\n\n\n<p><strong>EXPERIENCIA PROFESIONAL: <\/strong> <\/p>\n\n\n\n<p>1.-<strong>Estudio Mariscal &#8211; Abogados (2024 &#8211; actualidad)<\/strong><\/p>\n\n\n\n<p><strong><em>&nbsp;Cargo: <\/em><\/strong><em>Socio Principal<\/em><\/p>\n\n\n\n<p>2.- <strong>Mariscal &amp; Nu\u00f1ez Abogados (2022-2023)<\/strong><\/p>\n\n\n\n<p><strong>&nbsp;Cargo: <\/strong>Socio Principal<\/p>\n\n\n\n<p>3.- <strong>Mariscal &amp; Galdos Abogados. (2011 &#8211; 2021) Estudio Jur\u00eddico de Puno<\/strong><\/p>\n\n\n\n<p><strong><em>Cargo: <\/em><\/strong><em>Socio Principal<\/em><\/p>\n\n\n\n<p>4.- <strong>Mu\u00f1iz, Ram\u00edrez, P\u00e9rez \u2013Ta\u00edman &amp; Luna \u2013Victoria \u2013Abogados. (2008- 2009)<\/strong><\/p>\n\n\n\n<p><strong><em>Cargo: <\/em><\/strong><em>Asistente legal del \u00c1rea de Investigaci\u00f3n, Difusi\u00f3n Legislativa y Arbitraje.<\/em><\/p>\n\n\n\n<p>5.- <strong>Proyecto Especial Lago Titicaca-Ministerio de Agricultura (2006-2007) Entidad Estatal encargada de llevar a cabo proyectos de inversi\u00f3n para el desarrollo de la agricultura, ganader\u00eda y pesquer\u00eda en el sur del pa\u00eds.<\/strong><\/p>\n\n\n\n<p><strong><em>Cargo: <\/em><\/strong><em>Jefe de la Oficina de Asesor\u00eda Legal.<\/em><\/p>\n\n\n\n<p>6.- <strong>Universidad Nacional del Altiplano<\/strong><em> &nbsp; &nbsp; &nbsp; &nbsp; &nbsp; &nbsp; (Semestre 2018 &#8211; I \u2013 a la actualidad)<\/em><\/p>\n\n\n\n<p><em>Cargo: <\/em><strong><em>Docente Auxiliar Nombrado<\/em><\/strong><\/p>\n\n\n\n<p><strong>LUGAR DE TRABAJO:<\/strong> <\/p>\n\n\n\n<ul class=\"wp-block-list\">\n<li>Universidad Nacional del Altiplano de Puno<\/li>\n\n\n\n<li>Estudio Mariscal &#8211; Abogados <\/li>\n<\/ul>\n\n\n\n<p><strong>C\u00d3DIGO RENACYT:<\/strong> <\/p>\n\n\n\n<p><strong>C\u00d3DIGO ORCID:<\/strong> 0000-0002-0120-3710<\/p>\n\n\n\n<p><strong>CARGOS DIRECTIVOS: <\/strong> <\/p>\n\n\n\n<p><strong>L\u00cdNEA DE INVESTIGACI\u00d3N:<\/strong> Derecho Civil ( acto o negocio jur\u00eddico, derechos reales, obligaciones y contratos); Derecho Procesal Civil, arbitraje comercial y arbitraje en contrataci\u00f3n p\u00fablica.<\/p>\n\n\n\n<p><strong>SUBL\u00cdNEA DE INVESTIGACI\u00d3N:<\/strong> Derecho de Protecci\u00f3n al Consumidor, Derecho Constitucional y Derecho Administrativo.<\/p>\n\n\n\n<p><strong>EMAIL: <\/strong> mmariscal@unap.edu.pe<\/p>\n\n\n\n<p><strong>Sitio Web:<\/strong> <a href=\"https:\/\/derecho.unap.edu.pe\/mmariscal\/\">https:\/\/derecho.unap.edu.pe\/mmariscal\/<\/a><\/p>\n\n\n\n<p><\/p>\n","protected":false},"excerpt":{"rendered":"<p>Abogado por la Universidad Nacional de San Agust\u00edn de Arequipa, Colegiado por el Colegio de Abogados de Lima y el Ilustre Colegio de Abogados de&#8230;<\/p>\n<div class=\"more-link-wrapper\"><a class=\"more-link\" href=\"https:\/\/derecho.unap.edu.pe\/mmariscal\/about\/\">Seguir leyendo<span class=\"screen-reader-text\">Acerca de m\u00ed<\/span><\/a><\/div>\n","protected":false},"author":2,"featured_media":0,"parent":0,"menu_order":0,"comment_status":"closed","ping_status":"open","template":"","meta":{"footnotes":""},"class_list":["post-2","page","type-page","status-publish","hentry","entry"],"_links":{"self":[{"href":"https:\/\/derecho.unap.edu.pe\/mmariscal\/wp-json\/wp\/v2\/pages\/2","targetHints":{"allow":["GET"]}}],"collection":[{"href":"https:\/\/derecho.unap.edu.pe\/mmariscal\/wp-json\/wp\/v2\/pages"}],"about":[{"href":"https:\/\/derecho.unap.edu.pe\/mmariscal\/wp-json\/wp\/v2\/types\/page"}],"author":[{"embeddable":true,"href":"https:\/\/derecho.unap.edu.pe\/mmariscal\/wp-json\/wp\/v2\/users\/2"}],"replies":[{"embeddable":true,"href":"https:\/\/derecho.unap.edu.pe\/mmariscal\/wp-json\/wp\/v2\/comments?post=2"}],"version-history":[{"count":10,"href":"https:\/\/derecho.unap.edu.pe\/mmariscal\/wp-json\/wp\/v2\/pages\/2\/revisions"}],"predecessor-version":[{"id":67,"href":"https:\/\/derecho.unap.edu.pe\/mmariscal\/wp-json\/wp\/v2\/pages\/2\/revisions\/67"}],"wp:attachment":[{"href":"https:\/\/derecho.unap.edu.pe\/mmariscal\/wp-json\/wp\/v2\/media?parent=2"}],"curies":[{"name":"wp","href":"https:\/\/api.w.org\/{rel}","templated":true}]}}