{"id":21,"date":"2025-05-11T14:04:54","date_gmt":"2025-05-11T14:04:54","guid":{"rendered":"https:\/\/derecho.unap.edu.pe\/jcasazola\/?page_id=21"},"modified":"2025-08-15T18:01:03","modified_gmt":"2025-08-15T18:01:03","slug":"publicaciones","status":"publish","type":"page","link":"https:\/\/derecho.unap.edu.pe\/mmariscal\/publicaciones\/","title":{"rendered":"Publicaciones"},"content":{"rendered":"\n<p><\/p>\n\n\n\n<ol class=\"wp-block-list\">\n<li><strong>ART\u00cdCULOS:<\/strong><\/li>\n<\/ol>\n\n\n\n<ol class=\"wp-block-list\"><\/ol>\n\n\n\n<ul class=\"wp-block-list\">\n<li>A\u00f1o 2023: Art\u00edculo \u201cEl deber de la Motivaci\u00f3n del Laudo Arbitral en el Tribunal Constitucional\u201d.<\/li>\n\n\n\n<li>A\u00f1o 2023: Art\u00edculo \u201cDe Facto Expropriation or Extinction of the right of private property by Artificial Aquifer works?<\/li>\n\n\n\n<li>A\u00f1o 2023: Art\u00edculo enviado para publicaci\u00f3n en el libro: \u201cDesaf\u00edos Actuales del Derecho Civil\u201d &#8211; \u201cCuestionamientos a la extinci\u00f3n del derecho de propiedad por obras artificiales acu\u00edferas\u201d. <a href=\"https:\/\/news.es-pt.thomsonreuters.com\/LP=7242\">https:\/\/news.es-pt.thomsonreuters.com\/LP=7242<\/a><\/li>\n<\/ul>\n\n\n\n<ul class=\"wp-block-list\">\n<li>A\u00f1o 2020: <em>\u201cLa vinculaci\u00f3n actual entre el derecho y la moral\u201d, <\/em>en: Historia y Derecho (200 a\u00f1os de la Rep\u00fablica visto desde el Altiplano del Sur Peruano. Poder Judicial \u2013 FCJP-UNAP.<\/li>\n<\/ul>\n\n\n\n<ul class=\"wp-block-list\">\n<li>A\u00f1o 2020: <strong><em>\u201c<\/em><\/strong><em>Efectos nocivos de la propuesta legislativa sobre el congelamiento de deudas bancarias\u201d, <\/em>en: Revista Electr\u00f3nica Mariscal &amp; Gald\u00f3s Abogados. <a href=\"http:\/\/mariscalgaldosabogados.blogspot.com\/\">http:\/\/mariscalgaldosabogados.blogspot.com\/<\/a><\/li>\n<\/ul>\n\n\n\n<ul class=\"wp-block-list\">\n<li>A\u00f1o 2020: <em>\u201cCambios sustantivos en el ejercicio de la abogac\u00eda a ra\u00edz de la pandemia de la Covid-19\u201d<\/em>, en: Revista Electr\u00f3nica Mariscal &amp; Gald\u00f3s Abogados. <a href=\"http:\/\/mariscalgaldosabogados.blogspot.com\/\">http:\/\/mariscalgaldosabogados.blogspot.com\/<\/a> <\/li>\n<\/ul>\n\n\n\n<ul class=\"wp-block-list\">\n<li>A\u00f1o 2019: \u201cAplicaci\u00f3n del Test de Proporcionalidad en la argumentaci\u00f3n de Resoluciones judiciales en el \u00e1mbito del Derecho Civil\u201d, en: Revista de Derecho \u2013UNAP https:\/\/dialnet.unirioja.es\/servlet\/articulo?codigo=7605953<\/li>\n<\/ul>\n\n\n\n<ul class=\"wp-block-list\">\n<li>A\u00f1o 2017: \u201cEl rol que cumple el juez dentro del llamado Estado Constitucional o Neoconstitucionalismo\u201d, en: Revista de Derecho \u201cVox Juris\u201d &#8211; Colegio de Abogadosde Puno.\uf020<\/li>\n<\/ul>\n\n\n\n<ul class=\"wp-block-list\">\n<li>A\u00f1o 2016: \u201cCausales de contradicci\u00f3n contra los t\u00edtulos ejecutivos y en el t\u00edtulo ejecutivo de naturaleza judicial\u201d, en: Revista Electr\u00f3nica Mariscal &amp; Galdos Abogados. http:\/\/mariscalgaldosabogados.blogspot.com <\/li>\n<\/ul>\n\n\n\n<ul class=\"wp-block-list\">\n<li>A\u00f1o 2012: \u201cLas sentencias inhibitorias y su afectaci\u00f3n al derecho a la tutela jurisdiccional efectiva. Una propuesta de reforma legislativa\u201d, en: Revista de Derecho \u201cVox Juris\u201d N\u00b0 11-2012- Colegio de Abogados de Puno.<\/li>\n<\/ul>\n\n\n\n<p>2. <strong>EDICI\u00d3N<\/strong><\/p>\n\n\n\n<ul class=\"wp-block-list\">\n<li><strong>Revista Peruana de Arbitraje N\u00b0 09\/2009, Editorial Magna, Lima (Colaborador)<\/strong><\/li>\n\n\n\n<li><strong>Revista Peruana de Arbitraje N\u00b0 08\/2009, Editorial Magna, Lima. (Colaborador)<\/strong><\/li>\n<\/ul>\n\n\n\n<p><\/p>\n\n\n\n<p><\/p>\n","protected":false},"excerpt":{"rendered":"<p>2. EDICI\u00d3N<\/p>\n","protected":false},"author":2,"featured_media":0,"parent":0,"menu_order":0,"comment_status":"closed","ping_status":"closed","template":"","meta":{"footnotes":""},"class_list":["post-21","page","type-page","status-publish","hentry","entry"],"_links":{"self":[{"href":"https:\/\/derecho.unap.edu.pe\/mmariscal\/wp-json\/wp\/v2\/pages\/21","targetHints":{"allow":["GET"]}}],"collection":[{"href":"https:\/\/derecho.unap.edu.pe\/mmariscal\/wp-json\/wp\/v2\/pages"}],"about":[{"href":"https:\/\/derecho.unap.edu.pe\/mmariscal\/wp-json\/wp\/v2\/types\/page"}],"author":[{"embeddable":true,"href":"https:\/\/derecho.unap.edu.pe\/mmariscal\/wp-json\/wp\/v2\/users\/2"}],"replies":[{"embeddable":true,"href":"https:\/\/derecho.unap.edu.pe\/mmariscal\/wp-json\/wp\/v2\/comments?post=21"}],"version-history":[{"count":5,"href":"https:\/\/derecho.unap.edu.pe\/mmariscal\/wp-json\/wp\/v2\/pages\/21\/revisions"}],"predecessor-version":[{"id":68,"href":"https:\/\/derecho.unap.edu.pe\/mmariscal\/wp-json\/wp\/v2\/pages\/21\/revisions\/68"}],"wp:attachment":[{"href":"https:\/\/derecho.unap.edu.pe\/mmariscal\/wp-json\/wp\/v2\/media?parent=21"}],"curies":[{"name":"wp","href":"https:\/\/api.w.org\/{rel}","templated":true}]}}