{"id":2,"date":"2020-05-09T21:53:29","date_gmt":"2020-05-09T21:53:29","guid":{"rendered":"https:\/\/ep.unap.edu.pe\/derecho\/posgrado\/?page_id=2"},"modified":"2021-08-18T23:21:46","modified_gmt":"2021-08-19T04:21:46","slug":"presentacion","status":"publish","type":"page","link":"https:\/\/derecho.unap.edu.pe\/posgrado\/presentacion\/","title":{"rendered":"Presentaci\u00f3n"},"content":{"rendered":"\n<p>Art.132\u00ba La Unidad de Posgrado de la Facultad tienen las funciones siguientes:<\/p>\n\n\n\n<p>a) Planificar, organizar, dirigir y ejecutar los estudios de maestr\u00eda y doctorado de la Facultad.<\/p>\n\n\n\n<p>b) Evaluar la marcha acad\u00e9mica, de investigaci\u00f3n, responsabilidad social y administrativa de la Unidad de Posgrado.<\/p>\n\n\n\n<p>c) Conformar mediante su director, el Consejo de la Escuela de Posgrado.<\/p>\n\n\n\n<p>d) Informar al Consejo de la Facultad y Consejo de la Escuela de Posgrado sobre la situaci\u00f3n acad\u00e9mica de los estudiantes de la Unidad de Posgrado de la facultad.<\/p>\n\n\n\n<p>e) Verificar el cumplimiento del reglamento general de la EPG y dem\u00e1s normas para su normal funcionamiento.<\/p>\n\n\n\n<p>f) Proponer la contrataci\u00f3n de profesores de acuerdo a las normas y necesidades acad\u00e9micas de la maestr\u00eda y doctorado.<\/p>\n\n\n\n<p>g) Revisar, actualizar la estructura curricular de estudios y proponer a Consejo de la Facultad para su aprobaci\u00f3n.<\/p>\n\n\n\n<p>h) Cautelar el adecuado cumplimiento de los instrumentos de gesti\u00f3n acad\u00e9mica, financiera, presupuestaria y log\u00edstica para el buen funcionamiento de la Unidad de Posgrado.<\/p>\n\n\n\n<p>i) Supervisar el movimiento financiero de los recursos directamente recaudados por la Unidad de Posgrado (R.R. 0174-2019-R-UNA).<\/p>\n","protected":false},"excerpt":{"rendered":"Art.132\u00ba La Unidad de Posgrado de la Facultad tienen las funciones siguientes: a) Planificar, organizar, dirigir y ejecutar los estudios de maestr\u00eda y doctorado de la Facultad. b) Evaluar la marcha acad\u00e9mica, de investigaci\u00f3n, responsabilidad social y administrativa de la Unidad de Posgrado. c) Conformar mediante su director, el Consejo de la Escuela de Posgrado. [&hellip;]","protected":false},"author":2,"featured_media":0,"parent":0,"menu_order":0,"comment_status":"closed","ping_status":"closed","template":"","meta":{"_links_to":"","_links_to_target":""},"_links":{"self":[{"href":"https:\/\/derecho.unap.edu.pe\/posgrado\/wp-json\/wp\/v2\/pages\/2"}],"collection":[{"href":"https:\/\/derecho.unap.edu.pe\/posgrado\/wp-json\/wp\/v2\/pages"}],"about":[{"href":"https:\/\/derecho.unap.edu.pe\/posgrado\/wp-json\/wp\/v2\/types\/page"}],"author":[{"embeddable":true,"href":"https:\/\/derecho.unap.edu.pe\/posgrado\/wp-json\/wp\/v2\/users\/2"}],"replies":[{"embeddable":true,"href":"https:\/\/derecho.unap.edu.pe\/posgrado\/wp-json\/wp\/v2\/comments?post=2"}],"version-history":[{"count":4,"href":"https:\/\/derecho.unap.edu.pe\/posgrado\/wp-json\/wp\/v2\/pages\/2\/revisions"}],"predecessor-version":[{"id":162,"href":"https:\/\/derecho.unap.edu.pe\/posgrado\/wp-json\/wp\/v2\/pages\/2\/revisions\/162"}],"wp:attachment":[{"href":"https:\/\/derecho.unap.edu.pe\/posgrado\/wp-json\/wp\/v2\/media?parent=2"}],"curies":[{"name":"wp","href":"https:\/\/api.w.org\/{rel}","templated":true}]}}