{"id":40,"date":"2020-05-09T23:44:44","date_gmt":"2020-05-10T04:44:44","guid":{"rendered":"https:\/\/ep.unap.edu.pe\/derecho\/posgrado\/?page_id=40"},"modified":"2026-02-25T22:58:49","modified_gmt":"2026-02-26T03:58:49","slug":"informacion","status":"publish","type":"page","link":"https:\/\/derecho.unap.edu.pe\/posgrado\/informacion\/","title":{"rendered":"Cont\u00e1ctenos"},"content":{"rendered":"\n<div class=\"wp-block-columns\">\n<div class=\"wp-block-column\" style=\"flex-basis:30.9%\">\n<p><strong>Tel\u00e9fono de Secretar\u00eda<\/strong>: 998598481<\/p>\n\n\n\n<p><strong>Correo<\/strong>: upgderecho@unap.edu.pe<\/p>\n<\/div>\n<\/div>\n\n\n\n<p><strong>Direcci\u00f3n: <\/strong>Jr. Grau con Jr. Conde de Lemos, Puno, Per\u00fa<\/p>\n\n\n\n<p class=\"has-text-align-center\"><\/p>\n","protected":false},"excerpt":{"rendered":"Tel\u00e9fono de Secretar\u00eda: 998598481 Correo: upgderecho@unap.edu.pe Direcci\u00f3n: Jr. Grau con Jr. Conde de Lemos, Puno, Per\u00fa","protected":false},"author":2,"featured_media":0,"parent":0,"menu_order":0,"comment_status":"closed","ping_status":"closed","template":"","meta":{"_links_to":"","_links_to_target":""},"_links":{"self":[{"href":"https:\/\/derecho.unap.edu.pe\/posgrado\/wp-json\/wp\/v2\/pages\/40"}],"collection":[{"href":"https:\/\/derecho.unap.edu.pe\/posgrado\/wp-json\/wp\/v2\/pages"}],"about":[{"href":"https:\/\/derecho.unap.edu.pe\/posgrado\/wp-json\/wp\/v2\/types\/page"}],"author":[{"embeddable":true,"href":"https:\/\/derecho.unap.edu.pe\/posgrado\/wp-json\/wp\/v2\/users\/2"}],"replies":[{"embeddable":true,"href":"https:\/\/derecho.unap.edu.pe\/posgrado\/wp-json\/wp\/v2\/comments?post=40"}],"version-history":[{"count":19,"href":"https:\/\/derecho.unap.edu.pe\/posgrado\/wp-json\/wp\/v2\/pages\/40\/revisions"}],"predecessor-version":[{"id":214,"href":"https:\/\/derecho.unap.edu.pe\/posgrado\/wp-json\/wp\/v2\/pages\/40\/revisions\/214"}],"wp:attachment":[{"href":"https:\/\/derecho.unap.edu.pe\/posgrado\/wp-json\/wp\/v2\/media?parent=40"}],"curies":[{"name":"wp","href":"https:\/\/api.w.org\/{rel}","templated":true}]}}