{"id":9,"date":"2020-05-09T22:16:58","date_gmt":"2020-05-09T22:16:58","guid":{"rendered":"https:\/\/ep.unap.edu.pe\/derecho\/posgrado\/?page_id=9"},"modified":"2026-02-25T22:23:29","modified_gmt":"2026-02-26T03:23:29","slug":"autoridades","status":"publish","type":"page","link":"https:\/\/derecho.unap.edu.pe\/posgrado\/autoridades\/","title":{"rendered":"Autoridades"},"content":{"rendered":"\n<p>Dr. Manuel Le\u00f3n Quintanilla Chac\u00f3n<\/p>\n\n\n\n<p>Director de la Unidad de Posgrado de la Facultad de Ciencias Jur\u00eddicas y Pol\u00edticas<\/p>\n","protected":false},"excerpt":{"rendered":"Dr. Manuel Le\u00f3n Quintanilla Chac\u00f3n Director de la Unidad de Posgrado de la Facultad de Ciencias Jur\u00eddicas y Pol\u00edticas","protected":false},"author":2,"featured_media":0,"parent":0,"menu_order":0,"comment_status":"closed","ping_status":"closed","template":"","meta":{"_links_to":"","_links_to_target":""},"_links":{"self":[{"href":"https:\/\/derecho.unap.edu.pe\/posgrado\/wp-json\/wp\/v2\/pages\/9"}],"collection":[{"href":"https:\/\/derecho.unap.edu.pe\/posgrado\/wp-json\/wp\/v2\/pages"}],"about":[{"href":"https:\/\/derecho.unap.edu.pe\/posgrado\/wp-json\/wp\/v2\/types\/page"}],"author":[{"embeddable":true,"href":"https:\/\/derecho.unap.edu.pe\/posgrado\/wp-json\/wp\/v2\/users\/2"}],"replies":[{"embeddable":true,"href":"https:\/\/derecho.unap.edu.pe\/posgrado\/wp-json\/wp\/v2\/comments?post=9"}],"version-history":[{"count":4,"href":"https:\/\/derecho.unap.edu.pe\/posgrado\/wp-json\/wp\/v2\/pages\/9\/revisions"}],"predecessor-version":[{"id":199,"href":"https:\/\/derecho.unap.edu.pe\/posgrado\/wp-json\/wp\/v2\/pages\/9\/revisions\/199"}],"wp:attachment":[{"href":"https:\/\/derecho.unap.edu.pe\/posgrado\/wp-json\/wp\/v2\/media?parent=9"}],"curies":[{"name":"wp","href":"https:\/\/api.w.org\/{rel}","templated":true}]}}